{"id":6528,"date":"2018-02-23T19:17:18","date_gmt":"2018-02-23T19:17:18","guid":{"rendered":"https:\/\/www.justroyalbcn.com\/lunchs-eventos-empresas\/"},"modified":"2025-11-20T16:30:11","modified_gmt":"2025-11-20T15:30:11","slug":"lunchs-eventos-empresas","status":"publish","type":"page","link":"https:\/\/www.justroyalbcn.com\/en\/lunchs-eventos-empresas\/","title":{"rendered":"MEN\u00daS COCKTAIL PARA EVENTOS"},"content":{"rendered":"\t<div class=\"pixcode  pixcode--grid  grid\" >\n\t\t\t<div class=\"grid__item six-twelfths palm-one-whole\" >\n\t\t\n<h3><strong>COCKTAIL CANALETAS<\/strong><\/h3>\n<ul>\n<li><span style=\"color: #000000;\">Cuchara de Salm\u00f3n marinado con Tzatziki.<\/span><\/li>\n<li><span style=\"color: #000000;\">Vasito con Nachos, Guacamole, queso Cheddar y salsa Mexicana.<\/span><\/li>\n<li><span style=\"color: #000000;\">Bomb\u00f3n de croqueta (surtido sabores).<\/span><\/li>\n<li><span style=\"color: #000000;\">Cono de quesos, acompa\u00f1ados de frutos secos y frutas del Bosque.<\/span><\/li>\n<li><span style=\"color: #000000;\">Cucurucho de patatas Bravas con tres salsas.<\/span><\/li>\n<li><span style=\"color: #000000;\">Risotto con setas y Foie.<\/span><\/li>\n<li><span style=\"color: #000000;\">Mini burguer de ternera, R\u00facula y salsa de mostaza.<\/span><\/li>\n<li><span style=\"color: #000000;\">Vasito de Salmorejo con at\u00fan y huevo hilado.<\/span><\/li>\n<\/ul>\n<p><strong>\u00a0Postres<\/strong><strong>:<\/strong><\/p>\n<ul>\n<li><span style=\"color: #000000;\">Brownie.<\/span><\/li>\n<li><span style=\"color: #000000;\">Verrina\u00a0de Mousse de chocolate blanco.<\/span><\/li>\n<li><span style=\"color: #000000;\">Verrina crema de yogurt con crocanti y confitura de fresas.<\/span><\/li>\n<\/ul>\n<p><strong>Servicio de Bar:<\/strong><strong>:<\/strong><\/p>\n<ul>\n<li>Agua mineral, vino tinto con D.O. Cari\u00f1ena Crianza, vino blanco Verdejo de Rueda, cerveza y refrescos.<\/li>\n<li>Opcional Servicio de Cafeter\u00eda.<\/li>\n<\/ul>\n<h3><strong>COCKTAIL GAUD\u00cd<\/strong><\/h3>\n<ul>\n<li>Vasito con Salm\u00f3n marinado con Tzatziki.<\/li>\n<li>Tostada de aguacate con bacalao.<\/li>\n<li>Mini bol de hummus con nachos.<\/li>\n<li>Bocado de roast beef con salsa de casta\u00f1as.<\/li>\n<li>Champi\u00f1ones con pesto y parmesano.<\/li>\n<li>Bomb\u00f3n de croqueta (surtido sabores).<\/li>\n<li>Tabla de surtido de quesos, acompa\u00f1ados de frutos secos y frutas del Bosque.<\/li>\n<li>Cucuruchos de patatas Bravas con tres salsas.<\/li>\n<li>Ensalada C\u00e9sar.<\/li>\n<li>Risotto de setas con Foie.<\/li>\n<li>Mini burguer de ternera, R\u00facula y salsa de Mostaza en pan de tomate.<\/li>\n<\/ul>\n<p><strong>\u00a0Postres<\/strong><strong>:<\/strong><\/p>\n<ul>\n<li>Verrina crema de caf\u00e9 con Oreo.<\/li>\n<li>Verrina de Mousse de chocolate blanco.<\/li>\n<li>Vasito con fruta de temporada.<\/li>\n<li>Brownie.<\/li>\n<\/ul>\n<p><strong>Servicio de Bar:<\/strong><strong>:<\/strong><\/p>\n<ul>\n<li>Agua mineral, vino tinto con D.O. Cari\u00f1ena Crianza, vino blanco Verdejo de Rueda, cerveza y refrescos.<\/li>\n<li>Opcional Servicio de Cafeter\u00eda.<\/li>\n<\/ul>\n<p><img loading=\"lazy\" decoding=\"async\" class=\"alignnone wp-image-1201 size-full\" src=\"https:\/\/www.justroyalbcn.com\/wp-content\/uploads\/2015\/12\/catering-10-just-royal-bcn.jpg\" alt=\"\" width=\"600\" height=\"399\" \/><\/p>\n\t<\/div>\n\t<div class=\"grid__item six-twelfths palm-one-whole\" >\n\t\t<img loading=\"lazy\" decoding=\"async\" class=\"alignnone wp-image-5960 size-full\" src=\"https:\/\/www.justroyalbcn.com\/wp-content\/uploads\/2014\/06\/justroyalbcn-catering-94-1.jpg\" alt=\"\" width=\"775\" height=\"475\" srcset=\"https:\/\/www.justroyalbcn.com\/wp-content\/uploads\/2014\/06\/justroyalbcn-catering-94-1.jpg 775w, https:\/\/www.justroyalbcn.com\/wp-content\/uploads\/2014\/06\/justroyalbcn-catering-94-1-600x368.jpg 600w, https:\/\/www.justroyalbcn.com\/wp-content\/uploads\/2014\/06\/justroyalbcn-catering-94-1-300x184.jpg 300w, https:\/\/www.justroyalbcn.com\/wp-content\/uploads\/2014\/06\/justroyalbcn-catering-94-1-768x471.jpg 768w, https:\/\/www.justroyalbcn.com\/wp-content\/uploads\/2014\/06\/justroyalbcn-catering-94-1-400x245.jpg 400w\" sizes=\"auto, (max-width: 775px) 100vw, 775px\" \/><\/p>\n<p><strong>Incluye: <\/strong>men\u00fa escogido, barra libre de bebidas durante la degustaci\u00f3n del men\u00fa, mesas Buffet, mesas altas de cocktail con manteles blancos, decoraci\u00f3n del Buffet, menaje necesario, camareros, transporte en la provincia de Barcelona, montaje y limpieza de la zona de trabajo.<br \/>\n<strong>Dietas especiales y alergias alimenticias:<\/strong> Todas las propuestas de Men\u00fa se pueden adaptar a dieta vegetariana, sin gluten, sin lactosa o cualquier otro tipo de dieta.<br \/>\n<strong>Cambios en el Men\u00fa:<\/strong> Si deseas cambiar alguna de las degustaciones, no hay problema, te m\u00e1s daremos opciones para elegir.<br \/>\n<strong>Solicita presupuesto a trav\u00e9s de la casilla &#8220;Contactar&#8221; al final de esta p\u00e1gina o llamando al tel\u00e9fono +34 636869855.<\/strong><\/p>\n<p><img loading=\"lazy\" decoding=\"async\" class=\"alignnone wp-image-5997 size-full\" src=\"https:\/\/www.justroyalbcn.com\/wp-content\/uploads\/2018\/02\/justroyalbcn-catering-91.jpg\" alt=\"\" width=\"700\" height=\"466\" srcset=\"https:\/\/www.justroyalbcn.com\/wp-content\/uploads\/2018\/02\/justroyalbcn-catering-91.jpg 700w, https:\/\/www.justroyalbcn.com\/wp-content\/uploads\/2018\/02\/justroyalbcn-catering-91-600x399.jpg 600w, https:\/\/www.justroyalbcn.com\/wp-content\/uploads\/2018\/02\/justroyalbcn-catering-91-300x200.jpg 300w, https:\/\/www.justroyalbcn.com\/wp-content\/uploads\/2018\/02\/justroyalbcn-catering-91-400x266.jpg 400w\" sizes=\"auto, (max-width: 700px) 100vw, 700px\" \/><\/p>\n<h3><strong>COCKTAIL LICEO<\/strong><strong>\u00a0<\/strong><\/h3>\n<ul>\n<li><span style=\"color: #000000;\">Mini Explosi\u00f3n de Foie y oro.<\/span><\/li>\n<li><span style=\"color: #000000;\">Tataki de at\u00fan con soja y brotes tiernos.<\/span><\/li>\n<li><span style=\"color: #000000;\">Rosbif con crema de trufa en Blini.<\/span><\/li>\n<li><span style=\"color: #000000;\">Cuchara de Salm\u00f3n marinado con Tzatziki .<\/span><\/li>\n<li><span style=\"color: #000000;\">Esqueixada de Bacalao en texturas.<\/span><\/li>\n<li><span style=\"color: #000000;\">Bomb\u00f3n de croqueta (surtido sabores).<\/span><\/li>\n<li><span style=\"color: #000000;\">Pan de cristal\u00a0con tomate, aceite virgen de oliva y jam\u00f3n Ib\u00e9rico.<\/span><\/li>\n<li><span style=\"color: #000000;\">Risotto con setas y Foie.<\/span><\/li>\n<li><span style=\"color: #000000;\">Mini burguer de ternera, R\u00facula y salsa de mostaza.<\/span><\/li>\n<li><span style=\"color: #000000;\">Cucurucho de patatas Bravas con tres salsas.<\/span><\/li>\n<li><span style=\"color: #000000;\">Vasito de gazpacho de aguacate.<\/span><\/li>\n<\/ul>\n<p><strong>Postres:<\/strong><\/p>\n<ul>\n<li><span style=\"color: #000000;\">Vasito de fruta de temporada.<\/span><\/li>\n<li><span style=\"color: #000000;\">Surtido de reposter\u00eda.<\/span><\/li>\n<li><span style=\"color: #000000;\">Mousse de chocolate blanco con crumble de galleta Lotus.<\/span><\/li>\n<li><span style=\"color: #000000;\">Tarta de queso con frutos rojos.<\/span><\/li>\n<\/ul>\n<p><strong><u>Servicio de Bar:<\/u><\/strong><\/p>\n<ul>\n<li>Agua mineral, vino tinto con D.O. Cari\u00f1ena Crianza, vino blanco Verdejo de Rueda, cerveza y refrescos.<\/li>\n<\/ul>\n<p><strong>Opcional: <\/strong><\/p>\n<ul>\n<li>Servicio de Cafeter\u00eda.<\/li>\n<li>Fuente de chocolate con brochetas de fruta y golosinas.<\/li>\n<\/ul>\n\t<\/div>\n\n\t<\/div>\n\n\t<div class=\"pixcode  pixcode--grid  grid\" >\n\t\t\t<\/div>\n\n\t<div class=\"empty_column grid__item four-twelfths palm-one-whole\" >\n\t\t\t<\/div>\n\n<div class=\"pixcode  pixcode--separator  separator separator--line-flower\">\n<div class=\"line  line--left\"><\/div>\n<div class=\"line  line--right\"><\/div>\n<div class=\"star\">&#10043;<\/div>\n<div class=\"arrows\">\n<div class=\"arrow arrow--left\"><\/div>\n<div class=\"arrow arrow--right\"><\/div>\n<\/div>\n<\/div>\n\n<p style=\"text-align: center;\"><strong>Contacta con nosotros para\u00a0<\/strong><strong>m\u00e1s informaci\u00f3n o\u00a0<\/strong><strong>contratar este servicio.<\/strong><\/p>\n<p style=\"text-align: center;\"><a  class=\"pixcode  pixcode--btn  btn  btn--small  btn--primary\" href=\"https:\/\/www.justroyalbcn.com\/contacto\/\" >Contactar<\/a>\n","protected":false},"excerpt":{"rendered":"<p>Contacta con nosotros para\u00a0m\u00e1s informaci\u00f3n o\u00a0contratar este servicio.<\/p>\n","protected":false},"author":8,"featured_media":0,"parent":0,"menu_order":0,"comment_status":"closed","ping_status":"closed","template":"","meta":{"footnotes":""},"class_list":["post-6528","page","type-page","status-publish","hentry"],"_links":{"self":[{"href":"https:\/\/www.justroyalbcn.com\/en\/wp-json\/wp\/v2\/pages\/6528","targetHints":{"allow":["GET"]}}],"collection":[{"href":"https:\/\/www.justroyalbcn.com\/en\/wp-json\/wp\/v2\/pages"}],"about":[{"href":"https:\/\/www.justroyalbcn.com\/en\/wp-json\/wp\/v2\/types\/page"}],"author":[{"embeddable":true,"href":"https:\/\/www.justroyalbcn.com\/en\/wp-json\/wp\/v2\/users\/8"}],"replies":[{"embeddable":true,"href":"https:\/\/www.justroyalbcn.com\/en\/wp-json\/wp\/v2\/comments?post=6528"}],"version-history":[{"count":1,"href":"https:\/\/www.justroyalbcn.com\/en\/wp-json\/wp\/v2\/pages\/6528\/revisions"}],"predecessor-version":[{"id":17825,"href":"https:\/\/www.justroyalbcn.com\/en\/wp-json\/wp\/v2\/pages\/6528\/revisions\/17825"}],"wp:attachment":[{"href":"https:\/\/www.justroyalbcn.com\/en\/wp-json\/wp\/v2\/media?parent=6528"}],"curies":[{"name":"wp","href":"https:\/\/api.w.org\/{rel}","templated":true}]}}