{"id":6485,"date":"2018-02-24T21:36:31","date_gmt":"2018-02-24T21:36:31","guid":{"rendered":"https:\/\/www.justroyalbcn.com\/menus-cocktail-just-royal-bcn\/"},"modified":"2025-11-20T16:32:53","modified_gmt":"2025-11-20T15:32:53","slug":"menus-cocktail-just-royal-bcn","status":"publish","type":"page","link":"https:\/\/www.justroyalbcn.com\/en\/menus-cocktail-just-royal-bcn\/","title":{"rendered":"MEN\u00daS COCKTAIL EN JUST ROYAL BCN"},"content":{"rendered":"\t<div class=\"pixcode  pixcode--grid  grid\" >\n\t\t\n\t<div class=\"grid__item six-twelfths palm-one-whole\" >\n\t\t\n<h2><strong>COCKTAIL CANALETAS<\/strong><\/h2>\n<ul>\n<li>Vasito con salm\u00f3n marinado con Tzatziki .<\/li>\n<li>Vasito con Nachos, Guacamole, queso Cheddar y salsa Mexicana.<\/li>\n<li>Mini brocheta de tomate con Mozzarela.<\/li>\n<li>Bomb\u00f3n de croqueta (surtido sabores).<\/li>\n<li>Tabla de surtido de quesos, acompa\u00f1ados de frutos secos y frutas del Bosque.<\/li>\n<li>Cucurucho de patatas Bravas con tres salsas.<\/li>\n<li>Focaccia de verduras.<\/li>\n<li>Mini burguer de ternera, R\u00facula y salsa de mostaza en pan de tomate<\/li>\n<li>Risotto con setas y Foie.<\/li>\n<li>Verano: Vasito con Salmorejo con at\u00fan y huevo hilado.<\/li>\n<li>Invierno: Crema de calabaza con aceite de trufa.<\/li>\n<\/ul>\n<p><strong>\u00a0Postres<\/strong><strong>:<\/strong><\/p>\n<ul>\n<li>Brownie.<\/li>\n<li>Verrina de Mousse de chocolate blanco.<\/li>\n<li>Verrina crema de yogurt con crocanti y confitura de fresas.<\/li>\n<\/ul>\n<p><strong>\u00a0Bebidas<\/strong><strong>:<\/strong><\/p>\n<ul>\n<li>Agua mineral, vino tinto con D.O. Cari\u00f1ena Crianza, vino blanco Verdejo de Rueda, cerveza y refrescos.<\/li>\n<li>Caf\u00e9 o infusi\u00f3n.<\/li>\n<\/ul>\n<h2><strong>COCKTAIL GAUD\u00cd<\/strong><\/h2>\n<ul>\n<li>Vasito con salm\u00f3n marinado con Tzatziki.<\/li>\n<li>Vasito con Brandada de Bacalao y confitura de tomate.<\/li>\n<li>Mini brocheta de tomate con Mozzarela.<\/li>\n<li>Cono de Foie con confitura de manzana.<\/li>\n<li>Focaccia de jam\u00f3n Serrano con salsa Pesto.<\/li>\n<li>Bomb\u00f3n de croqueta (surtido sabores).<\/li>\n<li>Tabla de surtido de quesos, acompa\u00f1ados de frutos secos y frutas del Bosque.<\/li>\n<li>Cucuruchos de patatas Bravas con tres salsas.<\/li>\n<li>Mini quiche Lorraine.<\/li>\n<li>Risotto de setas con Foie.<\/li>\n<li>Mini burguer de ternera, R\u00facula y salsa de Mostaza en pan de tomate.<\/li>\n<\/ul>\n<p><strong>\u00a0Postres<\/strong><strong>:<\/strong><\/p>\n<ul>\n<li>Verrina crema de caf\u00e9 con Oreo.<\/li>\n<li>Verrina de Mousse de chocolate blanco.<\/li>\n<li>Vasito con fruta de temporada.<\/li>\n<li>Brownie.<\/li>\n<\/ul>\n<p><strong>\u00a0Bebidas<\/strong><strong>:<\/strong><\/p>\n<ul>\n<li>Agua mineral, vino tinto con D.O. Cari\u00f1ena Crianza, vino blanco Verdejo de Rueda, cerveza y refrescos.<\/li>\n<li>Caf\u00e9 o infusi\u00f3n.<\/li>\n<\/ul>\n<h2><strong>COCKTAIL LICEO<\/strong><strong>\u00a0<\/strong><\/h2>\n<ul>\n<li>Vasito con salm\u00f3n marinado con Tzatziki.<\/li>\n<li>Vasito con Foie con naranja dulce y grosellas.<\/li>\n<li>Mini brocheta de tomate con Mozzarela.<\/li>\n<li>Cono de queso de cabra con confitura de tomate..<\/li>\n<li>Bomb\u00f3n de croqueta (surtido sabores).<\/li>\n<li>Tabla de surtido de quesos, acompa\u00f1ados de frutos secos y frutas del Bosque.<\/li>\n<li>Cucuruchos de patatas Bravas con tres salsas.<\/li>\n<li>Mini explosi\u00f3n de oro y Foie.<\/li>\n<li>Mini quiche Lorraine.<\/li>\n<li>Risotto de setas con Foie.<\/li>\n<li>Mini burguer de ternera, setas, R\u00facula y salsa de Mostaza en pan de tomate.<\/li>\n<li>Crema de boniato con crumble de Jam\u00f3n Ib\u00e9rico.<\/li>\n<li>Cigarrito de sobrasada y miel.<\/li>\n<\/ul>\n\t<\/div>\n\n\t<div class=\"grid__item six-twelfths palm-one-whole\" >\n\t\t\n<p><img loading=\"lazy\" decoding=\"async\" class=\"alignnone wp-image-6078 \" src=\"https:\/\/www.justroyalbcn.com\/wp-content\/uploads\/2018\/02\/2017-10-30-photo-00001477.jpg\" alt=\"\" width=\"630\" height=\"835\" srcset=\"https:\/\/www.justroyalbcn.com\/wp-content\/uploads\/2018\/02\/2017-10-30-photo-00001477.jpg 700w, https:\/\/www.justroyalbcn.com\/wp-content\/uploads\/2018\/02\/2017-10-30-photo-00001477-600x795.jpg 600w, https:\/\/www.justroyalbcn.com\/wp-content\/uploads\/2018\/02\/2017-10-30-photo-00001477-226x300.jpg 226w, https:\/\/www.justroyalbcn.com\/wp-content\/uploads\/2018\/02\/2017-10-30-photo-00001477-400x530.jpg 400w\" sizes=\"auto, (max-width: 630px) 100vw, 630px\" \/><\/p>\n<p><strong>Incluye: <\/strong>espacio privado y personal exclusivo para el grupo, men\u00fa escogido, bebidas durante la degustaci\u00f3n del men\u00fa, mesas Buffet, mesas altas de cocktail y menaje necesario.<br \/>\n<strong>Dietas especiales y alergias alimenticias:<\/strong> Todas las propuestas de Men\u00fa se pueden adaptar a dieta vegetariana, sin gluten, sin lactosa o cualquier otro tipo de dieta.<br \/>\n<strong>Cambios en el Men\u00fa:<\/strong> Si deseas cambiar alguna de las degustaciones, no hay problema, te m\u00e1s daremos opciones para elegir.<br \/>\n<strong>Solicita presupuesto a trav\u00e9s de la casilla &#8220;Contactar&#8221; al final de esta p\u00e1gina o llamando al tel\u00e9fono +34 636869855.<\/strong><\/p>\n<p><img loading=\"lazy\" decoding=\"async\" class=\"alignnone wp-image-6080 \" src=\"https:\/\/www.justroyalbcn.com\/wp-content\/uploads\/2018\/02\/justroyalbcn-63.jpg\" alt=\"\" width=\"661\" height=\"496\" srcset=\"https:\/\/www.justroyalbcn.com\/wp-content\/uploads\/2018\/02\/justroyalbcn-63.jpg 700w, https:\/\/www.justroyalbcn.com\/wp-content\/uploads\/2018\/02\/justroyalbcn-63-600x450.jpg 600w, https:\/\/www.justroyalbcn.com\/wp-content\/uploads\/2018\/02\/justroyalbcn-63-300x225.jpg 300w, https:\/\/www.justroyalbcn.com\/wp-content\/uploads\/2018\/02\/justroyalbcn-63-400x300.jpg 400w\" sizes=\"auto, (max-width: 661px) 100vw, 661px\" \/><\/p>\n<p><strong>\u00a0Postres<\/strong><strong>:<\/strong><\/p>\n<ul>\n<li>Verrina de Mousse de fresas.<\/li>\n<li>Verrina de Mousse de chocolate blanco.<\/li>\n<li>Fuente de chocolate con nubes, golosinas y fruta de temporada.<\/li>\n<li>Surtido de reposter\u00eda.<\/li>\n<\/ul>\n<p><strong>\u00a0Bebidas<\/strong><strong>:<\/strong><\/p>\n<ul>\n<li>Agua mineral, vino tinto con D.O. Cari\u00f1ena Crianza, vino blanco Verdejo de Rueda, cerveza y refrescos.<\/li>\n<li>Caf\u00e9 o infusi\u00f3n.<\/li>\n<\/ul>\n\t<\/div>\n\n\t<\/div>\n\n\t<div class=\"pixcode  pixcode--grid  grid\" >\n\t\t\t<\/div>\n\n\t<div class=\"empty_column grid__item four-twelfths palm-one-whole\" >\n\t\t\t<\/div>\n\n<div class=\"pixcode  pixcode--separator  separator separator--line-flower\">\n<div class=\"line  line--left\"><\/div>\n<div class=\"line  line--right\"><\/div>\n<div class=\"star\">&#10043;<\/div>\n<div class=\"arrows\">\n<div class=\"arrow arrow--left\"><\/div>\n<div class=\"arrow arrow--right\"><\/div>\n<\/div>\n<\/div>\n\n<p style=\"text-align: center;\"><strong>Contacta con nosotros para\u00a0<\/strong><strong>m\u00e1s informaci\u00f3n o\u00a0<\/strong><strong>contratar este servicio.<\/strong><\/p>\n<p style=\"text-align: center;\"><a  class=\"pixcode  pixcode--btn  btn  btn--small  btn--primary\" href=\"https:\/\/www.justroyalbcn.com\/contacto\/\" >Contactar<\/a>\n","protected":false},"excerpt":{"rendered":"<p>Contacta con nosotros para\u00a0m\u00e1s informaci\u00f3n o\u00a0contratar este servicio.<\/p>\n","protected":false},"author":8,"featured_media":0,"parent":0,"menu_order":0,"comment_status":"closed","ping_status":"closed","template":"","meta":{"footnotes":""},"class_list":["post-6485","page","type-page","status-publish","hentry"],"_links":{"self":[{"href":"https:\/\/www.justroyalbcn.com\/en\/wp-json\/wp\/v2\/pages\/6485","targetHints":{"allow":["GET"]}}],"collection":[{"href":"https:\/\/www.justroyalbcn.com\/en\/wp-json\/wp\/v2\/pages"}],"about":[{"href":"https:\/\/www.justroyalbcn.com\/en\/wp-json\/wp\/v2\/types\/page"}],"author":[{"embeddable":true,"href":"https:\/\/www.justroyalbcn.com\/en\/wp-json\/wp\/v2\/users\/8"}],"replies":[{"embeddable":true,"href":"https:\/\/www.justroyalbcn.com\/en\/wp-json\/wp\/v2\/comments?post=6485"}],"version-history":[{"count":1,"href":"https:\/\/www.justroyalbcn.com\/en\/wp-json\/wp\/v2\/pages\/6485\/revisions"}],"predecessor-version":[{"id":18169,"href":"https:\/\/www.justroyalbcn.com\/en\/wp-json\/wp\/v2\/pages\/6485\/revisions\/18169"}],"wp:attachment":[{"href":"https:\/\/www.justroyalbcn.com\/en\/wp-json\/wp\/v2\/media?parent=6485"}],"curies":[{"name":"wp","href":"https:\/\/api.w.org\/{rel}","templated":true}]}}