{"id":6475,"date":"2018-04-03T21:49:37","date_gmt":"2018-04-03T21:49:37","guid":{"rendered":"https:\/\/www.justroyalbcn.com\/grupos-privados-empresa\/"},"modified":"2025-11-20T16:34:47","modified_gmt":"2025-11-20T15:34:47","slug":"grupos-privados-empresa","status":"publish","type":"page","link":"https:\/\/www.justroyalbcn.com\/en\/grupos-privados-empresa\/","title":{"rendered":"TALLER DE COCINA PARA GRUPOS PRIVADOS"},"content":{"rendered":"\t<div class=\"pixcode  pixcode--grid  grid\" >\n\t\t\t<div class=\"grid__item six-twelfths palm-one-whole\" >\n\t\t\n<ul>\n<li>El aforo m\u00e1ximo en Just Royal BCN para un taller de cocina es de 40 participantes.<\/li>\n<li>Para grupos m\u00e1s grandes tenemos disponibilidad en otros locales de Barcelona.<\/li>\n<li>El taller de cocina consiste en la elaboraci\u00f3n de un men\u00fa gourmet, y su degustaci\u00f3n a modo de comida o cena, en equipo, fomentando la participaci\u00f3n de cada miembro y la conciencia del trabajo colectivo.<\/li>\n<li>Ser\u00e9is guiado por un chef profesional, que no s\u00f3lo os orientar\u00e1 en la elaboraci\u00f3n de la comida, tambi\u00e9n os ayudar\u00e1 a crear una din\u00e1mica de grupo para llevar a \u2018buen plato\u2019 vuestras diferentes aportaciones.<\/li>\n<li>Los valores del trabajo en equipo tienen su recompensa en la mesa.<\/li>\n<li>Se puede incluir una din\u00e1mica de concurso de cocina.<\/li>\n<li>Para m\u00e1s informaci\u00f3n, saber disponibilidad y solicitar presupuesto, contacta con nosotros.<\/li>\n<\/ul>\n<p style=\"text-align: center;\"><a  class=\"pixcode  pixcode--btn  btn  btn--small  btn--primary\" href=\"https:\/\/www.justroyalbcn.com\/contacto\/\" >Contactar<\/a>\n<h3><strong>Din\u00e1mica de grupo:<\/strong><\/h3>\n<ul>\n<li>El grupo dispondr\u00e1 de una mesa con espacio para trabajar, todo el material y utensilios de cocina necesarios, delantal y comida para la preparaci\u00f3n de los alimentos.<\/li>\n<li>Si el grupo es grande se reparte en grupos m\u00e1s peque\u00f1os de 8\/10 participantes.<\/li>\n<li>Cada uno de esos grupos est\u00e1 dirigido por un chef cualificado y su ayudante,\u00a0 que ir\u00e1n guiando en la elaboraci\u00f3n de los platos a los participantes.<\/li>\n<li>\u200bSe da la bienvenida con bebida y alg\u00fan aperitivo para degustar mientras cocinan.<\/li>\n<li>A continuaci\u00f3n, se desplazar\u00e1n los participantes a la zona preparada para comer con servicio de mesa Imperial y se les servir\u00e1 la comida que ellos han elaborado y bebida.<\/li>\n<\/ul>\n<h5><strong>Opciones con suplemento:<\/strong><\/h5>\n<ul>\n<li><strong>Surtido de Aperitivos.<\/strong><\/li>\n<li>Concurso de cocina con compras en el mercado <strong>La Boquer\u00eda<\/strong>.<\/li>\n<li>Tour al mercado <strong>La Boquer\u00eda.<\/strong><\/li>\n<li><strong>Diploma:<\/strong> Se otorgar\u00e1 un premio al equipo ganador y un diploma a todos los participantes.<\/li>\n<li>Delantal de tela con el Logo de la empresa (ya est\u00e1 incluido un delantal\u00a0<b>Nonwoven).<\/b><\/li>\n<\/ul>\n<h2><strong>TALLER DE ARROCES:<\/strong><\/h2>\n<h5><strong>Propuesta men\u00fa degustaci\u00f3n:<\/strong><\/h5>\n<ul>\n<li>Arroz caldoso de rape con gambas.<\/li>\n<li>Arroz negro.<\/li>\n<li>Risotto de ceps con foie.<\/li>\n<li>Flan de arroz con leche.<\/li>\n<li>Agua mineral, cerveza, coca-cola y vino con D.O.<\/li>\n<li>Caf\u00e9 o infusion<\/li>\n<\/ul>\n<h2><strong>TALLER MEDITERR\u00c1NEO:<\/strong><\/h2>\n<h5><strong>Propuesta men\u00fa degustaci\u00f3n:<\/strong><\/h5>\n<ul>\n<li>Ensalada de brotes tiernos con queso de cabra, nueces, Romesco y vinagreta de M\u00f3dena.<\/li>\n<li>Risotto con setas, ajos tiernos y esp\u00e1rragos.<\/li>\n<li>Lomo de lubina con brunoise de verduras y su vinagreta.<\/li>\n<li>Obleas con crema y fruta de temporada.<\/li>\n<li>Agua mineral, cerveza, coca-cola y vino con D.O.<\/li>\n<li>Caf\u00e9 o infusi\u00f3n.<\/li>\n<\/ul>\n<h2><strong>TALLER COUNTRY<\/strong><\/h2>\n<h5><strong>Propuesta men\u00fa degustaci\u00f3n:<\/strong><\/h5>\n<ul>\n<li>Ensalada de endivies, nueces, manzana \u00e1cida y salsa Pesto.<\/li>\n<li>Timb\u00e1l trufado de champi\u00f1ones y espinacas a la crema.<\/li>\n<li>Filete de Lech\u00f3n con brie y reducci\u00f3n de Pedro Xim\u00e9nez.<\/li>\n<li>Tarro de reques\u00f3n con miel, fresas y almendras garrapi\u00f1adas.<\/li>\n<li>Agua mineral, cerveza, coca-cola y vino con D.O.<\/li>\n<li>Caf\u00e9 o infusi\u00f3n.<\/li>\n<\/ul>\n\t<\/div>\n\t<div class=\"grid__item six-twelfths palm-one-whole\" >\n\t\t<img loading=\"lazy\" decoding=\"async\" class=\"alignnone wp-image-6219 \" src=\"https:\/\/www.justroyalbcn.com\/wp-content\/uploads\/2015\/10\/cooking-class-justroyalbcn.jpg\" alt=\"\" width=\"807\" height=\"423\" srcset=\"https:\/\/www.justroyalbcn.com\/wp-content\/uploads\/2015\/10\/cooking-class-justroyalbcn.jpg 800w, https:\/\/www.justroyalbcn.com\/wp-content\/uploads\/2015\/10\/cooking-class-justroyalbcn-600x315.jpg 600w, https:\/\/www.justroyalbcn.com\/wp-content\/uploads\/2015\/10\/cooking-class-justroyalbcn-300x158.jpg 300w, https:\/\/www.justroyalbcn.com\/wp-content\/uploads\/2015\/10\/cooking-class-justroyalbcn-768x403.jpg 768w, https:\/\/www.justroyalbcn.com\/wp-content\/uploads\/2015\/10\/cooking-class-justroyalbcn-400x210.jpg 400w\" sizes=\"auto, (max-width: 807px) 100vw, 807px\" \/><img loading=\"lazy\" decoding=\"async\" class=\"alignnone wp-image-6222\" src=\"https:\/\/www.justroyalbcn.com\/wp-content\/uploads\/2015\/10\/justroyalbcn-14-1024x649.jpg\" alt=\"\" width=\"876\" height=\"555\" srcset=\"https:\/\/www.justroyalbcn.com\/wp-content\/uploads\/2015\/10\/justroyalbcn-14-1024x649.jpg 1024w, https:\/\/www.justroyalbcn.com\/wp-content\/uploads\/2015\/10\/justroyalbcn-14-600x380.jpg 600w, https:\/\/www.justroyalbcn.com\/wp-content\/uploads\/2015\/10\/justroyalbcn-14-300x190.jpg 300w, https:\/\/www.justroyalbcn.com\/wp-content\/uploads\/2015\/10\/justroyalbcn-14-768x486.jpg 768w, https:\/\/www.justroyalbcn.com\/wp-content\/uploads\/2015\/10\/justroyalbcn-14-1200x760.jpg 1200w, https:\/\/www.justroyalbcn.com\/wp-content\/uploads\/2015\/10\/justroyalbcn-14-900x570.jpg 900w, https:\/\/www.justroyalbcn.com\/wp-content\/uploads\/2015\/10\/justroyalbcn-14-400x253.jpg 400w, https:\/\/www.justroyalbcn.com\/wp-content\/uploads\/2015\/10\/justroyalbcn-14.jpg 1500w\" sizes=\"auto, (max-width: 876px) 100vw, 876px\" \/><\/p>\n<h2><strong>TALLER CANALETAS<\/strong><\/h2>\n<h5><strong>Propuesta men\u00fa degustaci\u00f3n:<\/strong><\/h5>\n<ul>\n<li>Crema de moniato con crumble de jam\u00f3n.<\/li>\n<li>Redondo de ternera con setas, Foie y salsa de casta\u00f1as.<\/li>\n<li>Trinxat de la Cerdanya.<\/li>\n<li>Coulant de chocolate con helado de vainilla.<\/li>\n<li>Agua mineral, cerveza, coca-cola y vino con D.O.<\/li>\n<li>Caf\u00e9 o infusi\u00f3n.<\/li>\n<\/ul>\n<h2><strong>TALLER &#8220;AMERICAN EXPERIENCE&#8221;<\/strong><\/h2>\n<h5><strong>Propuesta men\u00fa degustaci\u00f3n:<\/strong><\/h5>\n<ul>\n<li>Crema de moniato con crumble de jam\u00f3n.<\/li>\n<li>Rollito de pavo relleno con salsa de frutos del bosque.<\/li>\n<li>Muffins de verduras.<\/li>\n<li>Coulis de ajo.<\/li>\n<li>Pastel de calabaza.<\/li>\n<li>Agua mineral, cerveza, coca-cola y vino con D.O.<\/li>\n<li>Caf\u00e9 o infusi\u00f3n.<\/li>\n<\/ul>\n<h2><strong>PAELLA COOKING WORKSHOP<\/strong><\/h2>\n<h5><strong>Propuesta men\u00fa degustaci\u00f3n:<\/strong><\/h5>\n<ul>\n<li>Paella de marisco.<\/li>\n<li>Tortilla espa\u00f1ola.<\/li>\n<li>Crema catalana.<\/li>\n<li>Sangr\u00eda.<\/li>\n<li>Agua mineral, cerveza, coca-cola y vino con D.O.<\/li>\n<li>Caf\u00e9 o infusi\u00f3n.<\/li>\n<\/ul>\n<h2><strong>TALLER VINTAGE<\/strong><\/h2>\n<h5><strong>Propuesta men\u00fa degustaci\u00f3n:<\/strong><\/h5>\n<ul>\n<li>Gelatina de tomate con carpaccio de Bacalao.<\/li>\n<li>Salm\u00f3n marinado con chupito de Tzatziki.<\/li>\n<li>Crema de calabaza con naranja.<\/li>\n<li>Picant\u00f3n al chocolate con setas.<\/li>\n<li>Crema de caf\u00e9 con Oreo.<\/li>\n<li>Agua mineral, cerveza, coca-cola y vino con D.O.<\/li>\n<li>Caf\u00e9 o infusion.<\/li>\n<\/ul>\n\t<\/div>\n\t<\/div>\n\n\t<div class=\"pixcode  pixcode--grid  grid\" >\n\t\t\t<div class=\"grid__item four-twelfths palm-one-whole\" >\n\t\t\n\t<\/div>\n\t<\/div>\n\n<div class=\"pixcode  pixcode--separator  separator separator--line-flower\">\n<div class=\"line  line--left\"><\/div>\n<div class=\"line  line--right\"><\/div>\n<div class=\"star\">&#10043;<\/div>\n<div class=\"arrows\">\n<div class=\"arrow arrow--left\"><\/div>\n<div class=\"arrow arrow--right\"><\/div>\n<\/div>\n<\/div>\n\n\t<div class=\"pixcode  pixcode--grid  grid\" >\n\t\t\t<div class=\"grid__item six-twelfths palm-one-whole\" >\n\t\t\n<div class=\"menu-list menu-list__dotted\">\n<ul class=\"menu-list__items\">\n<li class=\"menu-list__item\">\n<div class=\"menu-list__item-highlight-wrapper\">\n<span class=\"menu-list__item-highlight-title\">Precio taller privado<\/span>\n<h4 class=\"menu-list__item-title\"><span class=\"item_title\">Por persona<\/span><span class=\"dots\"><\/span><\/h4>\n<p class=\"menu-list__item-desc\"><span class=\"desc__content\">De 2 pax a 40 pax - Diferentes precios seg\u00fan n\u00ba de participantes.<\/span><\/p>\n<span class=\"dots\"><\/span><span class=\"menu-list__item-price\">desde 70<strong>\u20ac<\/strong><\/span><\/div>\n<\/li>\n<\/ul>\n<\/div>\n\n\t<\/div>\n\n\t<div class=\"grid__item six-twelfths palm-one-whole\" >\n\t\t\n<div class=\"menu-list menu-list__dotted\">\n<ul class=\"menu-list__items\">\n<li class=\"menu-list__item\">\n<div class=\"menu-list__item-highlight-wrapper\">\n<span class=\"menu-list__item-highlight-title\">Reservar taller privado<\/span>\n<h4 class=\"menu-list__item-title\">Contacta con nosotros<\/h4>\n<p class=\"menu-list__item-desc\"><span class=\"desc__content\">para m\u00e1s informaci\u00f3n y reserva<\/span><\/p>\n<\/div>\n<\/li>\n<\/ul>\n<\/div>\n\n\t<\/div>\n\t<\/div>\n\n<h2 class=\"r\" style=\"text-align: center;\">Solicita presupuesto, estaremos encantados en atenderte<\/h2>\n<div class=\"pixcode  pixcode--separator  separator separator--flower\">&#10043;<\/div>\n\n\t<div class=\"pixcode  pixcode--grid  grid\" >\n\t\t\t<div class=\"grid__item one-whole palm-one-whole\" >\n\t\t\n<p style=\"text-align: center;\">\u00a0 <a  class=\"pixcode  pixcode--btn  btn  btn--small  btn--primary\" href=\"https:\/\/www.justroyalbcn.com\/contacto\/\" >Contactar<\/a>\n\t<\/div>\n\t<\/div>\n\n","protected":false},"excerpt":{"rendered":"<p>Solicita presupuesto, estaremos encantados en atenderte<\/p>\n","protected":false},"author":8,"featured_media":0,"parent":0,"menu_order":0,"comment_status":"closed","ping_status":"closed","template":"","meta":{"footnotes":""},"class_list":["post-6475","page","type-page","status-publish","hentry"],"_links":{"self":[{"href":"https:\/\/www.justroyalbcn.com\/en\/wp-json\/wp\/v2\/pages\/6475","targetHints":{"allow":["GET"]}}],"collection":[{"href":"https:\/\/www.justroyalbcn.com\/en\/wp-json\/wp\/v2\/pages"}],"about":[{"href":"https:\/\/www.justroyalbcn.com\/en\/wp-json\/wp\/v2\/types\/page"}],"author":[{"embeddable":true,"href":"https:\/\/www.justroyalbcn.com\/en\/wp-json\/wp\/v2\/users\/8"}],"replies":[{"embeddable":true,"href":"https:\/\/www.justroyalbcn.com\/en\/wp-json\/wp\/v2\/comments?post=6475"}],"version-history":[{"count":1,"href":"https:\/\/www.justroyalbcn.com\/en\/wp-json\/wp\/v2\/pages\/6475\/revisions"}],"predecessor-version":[{"id":18171,"href":"https:\/\/www.justroyalbcn.com\/en\/wp-json\/wp\/v2\/pages\/6475\/revisions\/18171"}],"wp:attachment":[{"href":"https:\/\/www.justroyalbcn.com\/en\/wp-json\/wp\/v2\/media?parent=6475"}],"curies":[{"name":"wp","href":"https:\/\/api.w.org\/{rel}","templated":true}]}}