{"id":2736,"date":"2016-01-08T13:55:50","date_gmt":"2016-01-08T13:55:50","guid":{"rendered":"https:\/\/www.justroyalbcn.com\/en\/?page_id=2736"},"modified":"2025-11-24T14:14:50","modified_gmt":"2025-11-24T13:14:50","slug":"terms-policy","status":"publish","type":"page","link":"https:\/\/www.justroyalbcn.com\/en\/terms-policy\/","title":{"rendered":"Terms &#038; Policy"},"content":{"rendered":"\t<div class=\"pixcode  pixcode--grid  grid\" >\n\t\t\t<div class=\"grid__item one-whole palm-one-whole\" >\n\t\t\n<h1><strong>POL\u00cdTICA DE RESERVA:<\/strong><\/h1>\n<ul>\n<li>La fecha para un evento s\u00f3lo se puede bloquear durante 3 d\u00edas, a no ser que se confirme la reserva.<\/li>\n<li>Para confirmar una reserva de una o varias plazas para un \u201cTaller de cocina\u201d para un grupo abierto o para un grupo privado con menos de 11 participantes, se debe ingresar el 100% del importe presupuestado.<\/li>\n<li>Los \u201cTalleres de cocina\u201d para grupos abiertos requiere un m\u00ednimo de asistentes, de no alcanzarse te avisar\u00edamos. Recibir\u00e1s el abono total de la compra o podr\u00e1s elegir otro turno u otra fecha para realizar el taller.<\/li>\n<li>Para confirmar y bloquear la fecha de la reserva para un evento o para un \u201cTaller de cocina\u201d de un grupo privado de 11 o m\u00e1s participantes, se debe ingresar el 50% del importe presupuestado. El 50% del importe total del presupuesto que faltar\u00eda por pagar, se tendr\u00e1 que ingresar 15 d\u00edas antes de la fecha de dicho evento.<\/li>\n<li>Si precisa cambiar el n\u00famero de pax o servicios contratados, deber\u00e1 hacerse con al menos 10 d\u00edas laborales de antelaci\u00f3n, si hay alguna baja despu\u00e9s de ese periodo, ya no se podr\u00e1 modificar el presupuesto.<\/li>\n<\/ul>\n<h3><strong>POL\u00cdTICA DE CANCELACI\u00d3N:<\/strong><\/h3>\n<p><strong>Taller grupo abierto:<\/strong><\/p>\n<ul>\n<li>Si no te presentas a la cita, perder\u00e1s tu reserva.<\/li>\n<li>Si deseas modificar tu reserva deber\u00e1s hacerlo con al menos 3 d\u00edas h\u00e1biles de antelaci\u00f3n para que intentemos gestionar tu solicitud. Esto no garantiza que se pueda hacer el cambio.<\/li>\n<li>Para un reembolso total de una reserva para un \u201cTaller de cocina\u201d para un grupo abierto, se deber\u00e1 solicitar como m\u00ednimo 30 d\u00edas h\u00e1biles antes de la fecha de la reserva.<\/li>\n<li>Si se cancela el evento cuando faltan menos de 30 d\u00edas h\u00e1biles se perder\u00e1 el 50% del total presupuestado. Si se cancela cuando faltan menos de 20 d\u00edas h\u00e1biles, se perder\u00e1 el 100% del presupuesto.<\/li>\n<\/ul>\n<p><strong>\u201cTalleres de cocina\u201d y \u201ceventos\u201d para grupos privados con un presupuesto igual o inferior a 1.000\u20ac:<\/strong><\/p>\n<ul>\n<li>Si no te presentas a la cita, perder\u00e1s tu reserva.<\/li>\n<li>Si deseas modificar tu reserva deber\u00e1s hacerlo con al menos 10 d\u00edas h\u00e1biles de antelaci\u00f3n para que intentemos gestionar tu solicitud. Esto no garantiza que se pueda hacer el cambio.<\/li>\n<li>Para un reembolso total de una reserva de un \u201cTaller de cocina\u201d o \u201cevento\u201d para grupos privados con un presupuesto igual o inferior a 1.000\u20ac, se deber\u00e1 solicitar como m\u00ednimo 30 d\u00edas h\u00e1biles antes de la fecha de la reserva.<\/li>\n<li>Si se cancela el evento cuando faltan menos de 30 d\u00edas h\u00e1biles se perder\u00e1 el 50% del total presupuestado. Si se cancela cuando faltan menos de 20 d\u00edas h\u00e1biles, se perder\u00e1 el 100% del presupuesto.<\/li>\n<\/ul>\n<p><strong>\u201cTalleres de cocina\u201d y \u201ceventos\u201d para grupos privados con un presupuesto superior a 1.000\u20ac:<\/strong><\/p>\n<ul>\n<li>Si no te presentas a la cita, perder\u00e1s tu reserva.<\/li>\n<li>Si deseas modificar tu reserva deber\u00e1s hacerlo con al menos 15 d\u00edas h\u00e1biles de antelaci\u00f3n para que intentemos gestionar tu solicitud. Esto no garantiza que se pueda hacer el cambio.<\/li>\n<li>En \u201cTalleres de cocina\u201d o \u201ceventos\u201d donde el presupuesto es superior a 1.000\u20ac, cancelaci\u00f3n gratuita si se hace como m\u00ednimo 40 d\u00edas h\u00e1biles antes de la fecha de la reserva. Si se cancela cuando faltan menos de 40 d\u00edas h\u00e1biles se perder\u00e1 el 50% del total presupuestado y ya pagado. Si se cancela cuando faltan menos de 30 d\u00edas h\u00e1biles para el evento, se perder\u00e1 el 100% del presupuesto.<\/li>\n<\/ul>\n<h3><strong>DATOS FISCALES:<\/strong><\/h3>\n<p><strong>Empresa:<\/strong> Just Royal BCN<\/p>\n<p><strong>Raz\u00f3n social: <\/strong>Just Royal BCN S.L.<\/p>\n<p><strong>N.I.F:<\/strong> B67462143<\/p>\n<p><strong>Direcci\u00f3n: <\/strong>Pla\u00e7a Reial,3 1\u00aa planta 08002 Barcelona<\/p>\n\t<\/div>\n\t<\/div>\n\n","protected":false},"excerpt":{"rendered":"","protected":false},"author":8,"featured_media":0,"parent":0,"menu_order":0,"comment_status":"closed","ping_status":"closed","template":"","meta":{"footnotes":""},"class_list":["post-2736","page","type-page","status-publish","hentry","no-page-header"],"_links":{"self":[{"href":"https:\/\/www.justroyalbcn.com\/en\/wp-json\/wp\/v2\/pages\/2736","targetHints":{"allow":["GET"]}}],"collection":[{"href":"https:\/\/www.justroyalbcn.com\/en\/wp-json\/wp\/v2\/pages"}],"about":[{"href":"https:\/\/www.justroyalbcn.com\/en\/wp-json\/wp\/v2\/types\/page"}],"author":[{"embeddable":true,"href":"https:\/\/www.justroyalbcn.com\/en\/wp-json\/wp\/v2\/users\/8"}],"replies":[{"embeddable":true,"href":"https:\/\/www.justroyalbcn.com\/en\/wp-json\/wp\/v2\/comments?post=2736"}],"version-history":[{"count":2,"href":"https:\/\/www.justroyalbcn.com\/en\/wp-json\/wp\/v2\/pages\/2736\/revisions"}],"predecessor-version":[{"id":18331,"href":"https:\/\/www.justroyalbcn.com\/en\/wp-json\/wp\/v2\/pages\/2736\/revisions\/18331"}],"wp:attachment":[{"href":"https:\/\/www.justroyalbcn.com\/en\/wp-json\/wp\/v2\/media?parent=2736"}],"curies":[{"name":"wp","href":"https:\/\/api.w.org\/{rel}","templated":true}]}}