{"id":2701,"date":"2015-12-28T08:05:37","date_gmt":"2015-12-28T08:05:37","guid":{"rendered":"https:\/\/www.justroyalbcn.com\/en\/?page_id=2701"},"modified":"2025-11-24T14:15:58","modified_gmt":"2025-11-24T13:15:58","slug":"disclaimer","status":"publish","type":"page","link":"https:\/\/www.justroyalbcn.com\/en\/disclaimer\/","title":{"rendered":"Disclaimer"},"content":{"rendered":"<div id=\"fws_5639409849aa3\" class=\"wpb_row vc_row-fluid vc_row standard_section \" data-bg-mobile-hidden=\"\">\n<div class=\"col span_12 dark \">\n<div class=\"vc_col-sm-12 wpb_column column_container col no-extra-padding\" data-padding-pos=\"all\" data-hover-bg=\"\" data-animation=\"\" data-delay=\"0\">\n<div class=\"wpb_wrapper\">\n<div class=\"wpb_text_column wpb_content_element \">\n<div class=\"wpb_wrapper\">\n\t<div class=\"pixcode  pixcode--grid  grid\" >\n\t\t\n\t<div class=\"grid__item one-whole palm-one-whole\" >\n\t\t\n<h1 style=\"text-align: center;\"><strong>Aviso legal Y POL\u00cdTICA DE PRIVACIDAD<\/strong><\/h1>\n\t<\/div>\n\n\t<\/div>\n\n<div class=\"pixcode  pixcode--separator  separator separator--flower\">&#10043;<\/div>\n\n\t<div class=\"pixcode  pixcode--grid  grid\" >\n\t\t\n\t<div class=\"grid__item one-whole palm-one-whole\" >\n\t\t\n<div id=\"fws_5639409849aa3\" class=\"wpb_row vc_row-fluid vc_row standard_section \" data-bg-mobile-hidden=\"\">\n<div class=\"col span_12 dark \">\n<div class=\"vc_col-sm-12 wpb_column column_container col no-extra-padding\" data-padding-pos=\"all\" data-hover-bg=\"\" data-animation=\"\" data-delay=\"0\">\n<div class=\"wpb_wrapper\">\n<div class=\"wpb_text_column wpb_content_element \">\n<div class=\"wpb_wrapper\">\n<h3><strong>Datos del propietario:<\/strong><\/h3>\n<p>Conforme a lo establecido en la ley de Servicios de la Sociedad de la Informaci\u00f3n (LSSI), se informa a los usuarios de www.justroyalbcn.com que estos son los datos del propietario de este sitio web:<\/p>\n<p><strong>Nombre:<\/strong>\u00a0Just Royal Bcn<br \/>\n<strong>Direcci\u00f3n:<\/strong>\u00a0Pla\u00e7a Reial 3, 1 \u2013 08002 \u2013 Barcelona<br \/>\n<strong>CIF:<\/strong> 37737622G<br \/>\n<strong>Tel\u00e9fono de contacto:<\/strong>\u00a0+34 636 86 98 55<br \/>\n<strong>E-mail de contacto:<\/strong>\u00a0<a href=\"mailto:espacio@rubenalejosdasilva.com\">espacio@rubenalejosdasilva.com<\/a><\/p>\n<p>El acceso al sitio web www.justroyalbcn.com, propiedad de Just Royal Bcn y el uso de los servicios que en este sitio web se ofrecen, implica la aceptaci\u00f3n de los siguientes t\u00e9rminos y condiciones de uso.<\/p>\n<div class=\"pixcode  pixcode--separator  separator separator--line-flower\">\n<div class=\"line  line--left\"><\/div>\n<div class=\"line  line--right\"><\/div>\n<div class=\"star\">&#10043;<\/div>\n<div class=\"arrows\">\n<div class=\"arrow arrow--left\"><\/div>\n<div class=\"arrow arrow--right\"><\/div>\n<\/div>\n<\/div>\n\n<h3><strong>Propiedad Intelectual:<\/strong><\/h3>\n<p>El dise\u00f1o, c\u00f3digo fuente y contenidos del sitio web www.justroyalbcn.com est\u00e1n protegidos por la legislaci\u00f3n espa\u00f1ola en lo referente a los derechos de propiedad intelectual e industrial a favor de Just Royal Bcn, quedando prohibida su reproducci\u00f3n, distribuci\u00f3n o comunicaci\u00f3n p\u00fablica, total o parcial, sin la autorizaci\u00f3n expresa de Just Royal Bcn.<\/p>\n<div class=\"pixcode  pixcode--separator  separator separator--line-flower\">\n<div class=\"line  line--left\"><\/div>\n<div class=\"line  line--right\"><\/div>\n<div class=\"star\">&#10043;<\/div>\n<div class=\"arrows\">\n<div class=\"arrow arrow--left\"><\/div>\n<div class=\"arrow arrow--right\"><\/div>\n<\/div>\n<\/div>\n\n<h3><strong>Pol\u00edtica de Privacidad y Protecci\u00f3n de Datos (L.O.P.D.):<\/strong><\/h3>\n<p>Just Royal Bcn informa a los usuarios del sitio web www.justroyalbcn.com, que podr\u00e1 crear un archivo automatizado con los datos personales que sean puestos en su conocimiento, ya sea como consecuencia de la utilizaci\u00f3n de los servicios ofrecidos en www.justroyalbcn.com, a causa de env\u00edos al correo electr\u00f3nico de contacto espacio@rubenalejosdasilva.com o por el uso de formularios de contacto o inscripci\u00f3n presentes en el sitio web. En todo caso, el almacenamiento, protecci\u00f3n y uso de dichos datos por parte de Just Royal Bcn ser\u00e1 conforme al estricto cumplimiento de lo preceptuado por la legislaci\u00f3n en materia de protecci\u00f3n de datos.<br \/>\nEn cumplimiento de lo dispuesto en la Ley Org\u00e1nica 15\/1999, de 13 de diciembre, de Protecci\u00f3n de Datos de Car\u00e1cter Personal, los usuarios podr\u00e1n ejercitar, en cualquier momento, los derechos de acceso, rectificaci\u00f3n, oposici\u00f3n y cancelaci\u00f3n de sus datos, que hubiesen sido recopilados y archivados. El ejercicio de estos derechos deber\u00e1 efectuarse mediante comunicaci\u00f3n escrita dirigida a Just Royal Bcn (Pla\u00e7a Reial 3, 1 \u2013 08002 \u2013 Barcelona) o a la direcci\u00f3n de correo electr\u00f3nico de contacto (espacio@rubenalejosdasilva.com ) indicando en cualquiera de los casos, como referencia \u201eDATOS PERSONALES\u201c y el referido derecho que pretendan accionar, adjuntando copia de su Documento Nacional de Identidad.<\/p>\n<p><strong>Informaci\u00f3n que usted nos proporciona:\u00a0 <\/strong><\/p>\n<p>Recopilamos informaci\u00f3n acerca de usted en el momento en que interact\u00faa con nuestro sitio web, nuestro proceso de reserva, y cuando ingresa su informaci\u00f3n y detalles como parte del uso de los servicios que ofrecemos.<\/p>\n<p><strong>Contenido que usted proporciona a trav\u00e9s de nuestros productos:\u00a0<\/strong><\/p>\n<p>Recopilamos informaci\u00f3n acerca de usted en el momento en que solicita informaci\u00f3n o una reserva a trav\u00e9s de nuestra web. Por ejemplo, cuando usted hace una reserva, nos brinda su informaci\u00f3n de contacto y, en algunos casos, informaci\u00f3n del pago. Recopilamos sus datos cuando completa la informaci\u00f3n de la reserva, o cuando rellena el formulario de contacto para enviar un mensaje a trav\u00e9s de nuestra web. Nuestro principal objetivo al recopilar su informaci\u00f3n es ayudarle con un proceso de reserva sencillo y eficiente. Contar con su informaci\u00f3n nos permite proporcionar los servicios correctos que se adaptan mejor a sus necesidades, y a que su experiencia pueda ser r\u00e1pida y sencilla. Entre la informaci\u00f3n personal que recopilamos y que necesitamos para completar la reserva, se encuentra:<br \/>\nSu nombre y apellidos: para poder dirigirnos a usted en cualquier correspondencia.<br \/>\nN\u00famero de tel\u00e9fono y correo electr\u00f3nico: para poder ponernos en contacto con usted.<br \/>\nInformaci\u00f3n de su tarjeta de cr\u00e9dito: para efectuar el cargo al momento de confirmar su reserva.<\/p>\n<p><strong>Contenido que usted proporciona a trav\u00e9s de nuestro sitio web:\u00a0<\/strong><\/p>\n<p>Recopilamos otros contenidos que usted env\u00eda a nuestro sitio web, incluidos cualquiera de los canales que operamos a trav\u00e9s de las redes sociales o sitios web de tipo social. Por ejemplo, usted nos proporciona contenidos cuando ofrece sus opiniones.<\/p>\n<p><strong>Informaci\u00f3n de pago:\u00a0<\/strong><\/p>\n<p>Recopilamos cierta informaci\u00f3n de pago y facturaci\u00f3n cuando hace una reserva. Puede tambi\u00e9n proporcionar informaci\u00f3n de pago, tal como los detalles de su tarjeta de pago, la cual recopilamos a trav\u00e9s de servicios de procesamiento de pago seguro.<\/p>\n<p><strong>C\u00f3mo utilizamos la informaci\u00f3n que recopilamos:<\/strong><\/p>\n<p>El uso que damos a la informaci\u00f3n que recopilamos depende en parte del servicio que utilice, c\u00f3mo lo utiliza, y las preferencias que nos haya comunicado.\u00a0Utilizamos su informaci\u00f3n de contacto para enviar comunicaciones transaccionales a trav\u00e9s del correo electr\u00f3nico, incluida la confirmaci\u00f3n de su reserva, recordatorios de pago, respuesta a sus comentarios, preguntas y peticiones, brindar asistencia al cliente, y enviarle avisos.<\/p>\n<p><strong>Por cu\u00e1nto tiempo guardamos la informaci\u00f3n:<\/strong><\/p>\n<p>El tiempo que guardamos la informaci\u00f3n que recopilamos acerca de usted depende del tipo de informaci\u00f3n, seg\u00fan se describe en detalle m\u00e1s adelante. Despu\u00e9s de ese tiempo, borraremos o haremos an\u00f3nima su informaci\u00f3n, o si esto no es posible (por ejemplo, debido a que se ha almacenado la informaci\u00f3n en archivos de copias de seguridad), entonces almacenaremos de forma segura su informaci\u00f3n y la aislaremos de cualquier uso posterior hasta que sea posible borrarla.<\/p>\n<p>Tambi\u00e9n conservamos algunos de sus datos seg\u00fan sean necesarios para cumplir con nuestras obligaciones legales, para resolver disputas, para hacer cumplir nuestros acuerdos, para apoyar las operaciones de negocio, y para continuar con el desarrollo y la mejora de nuestros servicios. Cuando guardamos informaci\u00f3n para la mejora y el desarrollo de los servicios, tomamos medidas para eliminar la informaci\u00f3n que lo identifica a usted directamente, y solo utilizamos la informaci\u00f3n para descubrir ideas colectivas acerca del uso de nuestros servicios, y no para analizar de forma espec\u00edfica las caracter\u00edsticas personales acerca de usted.<\/p>\n<p><strong>C\u00f3mo tener acceso y controlar su informaci\u00f3n: <\/strong><\/p>\n<p>Usted cuenta con diferentes opciones disponibles en lo que respecta a su informaci\u00f3n. A continuaci\u00f3n, le presentamos un resumen de estas opciones, c\u00f3mo utilizarlas, y las limitaciones que presentan.<\/p>\n<p><strong>Sus opciones:<\/strong><\/p>\n<p>Usted tiene el derecho de solicitar una copia de su informaci\u00f3n, de objetar el uso que damos a su informaci\u00f3n (incluidos los fines de marketing), de solicitar la supresi\u00f3n o restricci\u00f3n de su informaci\u00f3n, o de solicitar su informaci\u00f3n en un formato electr\u00f3nico estructurado.<\/p>\n<p><strong>Sus solicitudes y opciones pueden estar limitadas en algunos casos:\u00a0<\/strong><\/p>\n<p>Por ejemplo, si el cumplimiento de su solicitud implica revelar informaci\u00f3n acerca de otra persona, o si solicita eliminar informaci\u00f3n que la ley nos permite conservar o tenemos intereses leg\u00edtimos convincentes en conservar. Si tiene problemas no resueltos, puede tener el derecho de quejarse ante una autoridad de protecci\u00f3n de datos en el pa\u00eds donde usted reside, trabaja, o cree que sus derechos fueron violados.<\/p>\n<p><strong>Solicitar que dejemos de utilizar su informaci\u00f3n:\u00a0<\/strong><\/p>\n<p>En algunos casos, usted puede pedir que dejemos de acceder, almacenar, utilizar y procesar su informaci\u00f3n, si cree que no contamos con los permisos apropiados para hacerlo. Tambi\u00e9n puede darse de baja del uso de su informaci\u00f3n para fines de marketing, poni\u00e9ndose en contacto con nosotros a trav\u00e9s de la informaci\u00f3n proporcionada m\u00e1s adelante. Resolveremos su solicitud dentro de los 30 d\u00edas posteriores a su recepci\u00f3n. En caso de retraso o disputa acerca del derecho de continuar utilizando su informaci\u00f3n, restringiremos cualquier uso posterior de la misma hasta que sea atendida la solicitud, o que la disputa quede resuelta.<\/p>\n<p><strong>Darse de baja de las comunicaciones:\u00a0<\/strong><\/p>\n<p>Puede optar por dejar de recibir comunicaciones promocionales de nuestra parte mediante el enlace de Darse de baja que se incluye en cada correo electr\u00f3nico, o bien, poni\u00e9ndose en contacto con nosotros a trav\u00e9s de la informaci\u00f3n proporcionada m\u00e1s adelante. Posteriormente eliminaremos su informaci\u00f3n de contacto de nuestra lista de correos electr\u00f3nicos promocionales, o base de datos de registro. Resolveremos su solicitud dentro de las 24 horas posteriores a su recepci\u00f3n. Incluso despu\u00e9s de que decide dejar de recibir nuestros mensajes promocionales, seguir\u00e1 recibiendo mensajes transaccionales de nuestra parte, con respecto a nuestros servicios.<\/p>\n<p><strong>Desactivar el control de cookies:\u00a0<\/strong><\/p>\n<p>En nuestro Aviso sobre cookies y seguimiento describimos los controles de cookies pertinentes basados en el navegador.<\/p>\n<p><strong>Portabilidad de los datos:\u00a0<\/strong><\/p>\n<p>La portabilidad de los datos es la posibilidad de obtener cierta informaci\u00f3n sobre usted en un formato que puede transferir de un proveedores de servicios al otro (por ejemplo, como cuando transfiere su n\u00famero de tel\u00e9fono m\u00f3vil a otro operador). Dependiendo del contexto, esto aplica a una parte de su informaci\u00f3n, pero no a su totalidad. Si lo solicita, le proporcionaremos un archivo electr\u00f3nico de la informaci\u00f3n b\u00e1sica de su cuenta, y cualquier otra informaci\u00f3n que haya creado dentro de los servicios que est\u00e1n bajo su control exclusivo.<\/p>\n<p><strong>Aviso a los usuarios finales:\u00a0<\/strong><\/p>\n<p>Nuestro compromiso es proteger y respetar su privacidad, y no hacer uso de su informaci\u00f3n personal para fines no acordados con usted. Tenemos un enfoque proactivo respecto a la seguridad y la privacidad, y trabajamos conforme a los protocolos y est\u00e1ndares internacionales.<\/p>\n<div class=\"pixcode  pixcode--separator  separator separator--line-flower\">\n<div class=\"line  line--left\"><\/div>\n<div class=\"line  line--right\"><\/div>\n<div class=\"star\">&#10043;<\/div>\n<div class=\"arrows\">\n<div class=\"arrow arrow--left\"><\/div>\n<div class=\"arrow arrow--right\"><\/div>\n<\/div>\n<\/div>\n\n<h4><strong>Disponibilidad y actualizaciones<\/strong><\/h4>\n<p>Just Royal Bcn se reserva el derecho a interrumpir en cualquier momento y sin previo aviso el acceso al sitio web www.justroyalbcn.com, as\u00ed como a modificar o eliminar la configuraci\u00f3n del sitio, los contenidos que en el se muestran o la prestaci\u00f3n de cualquiera o de todos los servicios que se prestan a trav\u00e9s del mismo, ya sea por motivos t\u00e9cnicos, de seguridad, de mantenimiento o por cualquier otra causa. Dicha interrupci\u00f3n, edici\u00f3n o eliminaci\u00f3n podr\u00e1 tener car\u00e1cter temporal o definitivo, sin que de ello se derive ninguna responsabilidad para Just Royal Bcn.<\/p>\n<p><strong>Uso del sitio web, sus contenidos y servicios:<\/strong><br \/>\nEl acceso a los contenidos y servicios que se ofrecen en www.justroyalbcn.com, y la utilizaci\u00f3n de los mismos por parte del Usuario, se lleva a cabo por su propia cuenta y riesgo.<br \/>\nJust Royal Bcn no se responsabiliza de posibles da\u00f1os o perjuicios que pueda sufrir el usuario, ni de posibles problemas t\u00e9cnicos o fallos en los equipos inform\u00e1ticos del usuario, que se produzcan debido a:<br \/>\nUn mal uso de los contenidos o servicios de www.justroyalbcn.com por parte del usuario. Errores, defectos u omisiones en la informaci\u00f3n facilitada cuando proceda de fuentes ajenas a Just Royal Bcn.<br \/>\nIntromisiones ileg\u00edtimas fuera del control de Just Royal Bcn por parte de terceras personas.<\/p>\n<p><strong>Marcas:<\/strong><br \/>\nEn www.justroyalbcn.com puede que se mencionen de forma indirecta y a nivel informativo algunos t\u00e9rminos y logotipos, que constituyen marcas registradas por sus respectivos propietarios, no haci\u00e9ndonos responsable de la utilizaci\u00f3n inadecuada que pudieran hacer terceras personas respecto a dichas marcas.<\/p>\n<p><strong>Enlaces:<\/strong><br \/>\nJust Royal Bcn no se hace responsable de aquellos otros datos, sitios web u archivos a los que sea posible acceder a trav\u00e9s de enlaces (links) disponibles entre los contenidos de www.justroyalbcn.com, dado que dichas p\u00e1ginas o archivos objeto de enlace son responsabilidad de sus respectivos titulares. Just Royal Bcn, por tanto, ni aprueba, ni hace suyos los productos, servicios, contenidos, informaci\u00f3n, datos, archivos y cualquier clase de material existente en tales p\u00e1ginas web o archivos y no controla ni, de conformidad con lo dispuesto en la LSSICE, se hace responsable de la calidad, licitud, fiabilidad y utilidad de la informaci\u00f3n, contenidos, datos y servicios existentes en los sitios enlazados y que son ajenos a www.justroyalbcn.com. En el caso de que un \u00f3rgano competente declare la ilicitud de los datos, ordenado su retirada o que se imposibilite el acceso a los mismos, o se hubiera declarado la existencia de la lesi\u00f3n, los enlaces que se indiquen ser\u00edan inmediatamente retirados, en cuanto as\u00ed se le notifique expresamente a Just Royal Bcn.<\/p>\n<p><strong>Imagenes:<\/strong><br \/>\nhttp:\/\/flickr.com\/creativecommons<br \/>\nhttp:\/\/www.freepik.com<br \/>\nhttp:\/\/www.flaticon.com<br \/>\nhttps:\/\/www.flickr.com \/photos\/sergemelki\/3403111486<br \/>\nhttps:\/\/www.flickr.com \/photos\/noiseninja\/7900409750<\/p>\n<\/div>\n<\/div>\n<\/div>\n<\/div>\n<\/div>\n<\/div>\n<div id=\"fws_5639409850fb2\" class=\"wpb_row vc_row-fluid vc_row standard_section \" data-bg-mobile-hidden=\"\">\n<div class=\"row-bg-wrap\"><div class=\"pixcode  pixcode--separator  separator separator--line-flower\">\n<div class=\"line  line--left\"><\/div>\n<div class=\"line  line--right\"><\/div>\n<div class=\"star\">&#10043;<\/div>\n<div class=\"arrows\">\n<div class=\"arrow arrow--left\"><\/div>\n<div class=\"arrow arrow--right\"><\/div>\n<\/div>\n<\/div>\n<\/div>\n<div><\/div>\n<div class=\"row-bg-wrap\"><strong>Pol\u00edtica de cookies<\/strong><\/div>\n<div class=\"col span_12 dark \">\n<div class=\"vc_col-sm-12 wpb_column column_container col no-extra-padding\" data-padding-pos=\"all\" data-hover-bg=\"\" data-animation=\"\" data-delay=\"0\">\n<div class=\"wpb_wrapper\">\n<div class=\"wpb_text_column wpb_content_element \">\n<div class=\"wpb_wrapper\">\n<p><strong>\u00bfQu\u00e9 son las cookies?<\/strong><br \/>\nUna cookie es un fichero que se descarga en su ordenador al acceder a determinadas p\u00e1ginas web. Las cookies permiten a una p\u00e1gina web, entre otras cosas, almacenar y recuperar informaci\u00f3n sobre los h\u00e1bitos de navegaci\u00f3n de un usuario o de su equipo y, dependiendo de la informaci\u00f3n que contengan y de la forma en que utilice su equipo, pueden utilizarse para reconocer al usuario.<\/p>\n<p><strong>\u00bfQu\u00e9 tipos de cookies utilizan esta p\u00e1gina web?<\/strong><br \/>\nGoogle Analytics: Cookies analiticas, son aqu\u00e9llas que bien tratadas por nosotros o por terceros, nos permiten cuantificar el n\u00famero de usuarios y as\u00ed realizar la medici\u00f3n y an\u00e1lisis estad\u00edstico de la utilizaci\u00f3n que hacen los usuarios del servicio ofertado. Para ello se analiza su navegaci\u00f3n en nuestra p\u00e1gina web con el fin de mejorar la oferta de productos o servicios que le ofrecemos.<\/p>\n<p>Consulte en este enlace donde puede consultar la pol\u00edtica de privacidad de esto servicios de Google.<\/p>\n<p><strong>Revocaci\u00f3n y eliminaci\u00f3n de cookies:<\/strong><\/p>\n<p>Puedes permitir, bloquear o eliminar las cookies instaladas en tu ordenador mediante la configuraci\u00f3n de las opciones del navegador instalado en tu ordenador.<\/p>\n<p>\u2022 Para m\u00e1s informaci\u00f3n sobre el navegador Firefox pulse <a href=\"https:\/\/support.mozilla.org\/es\/kb\/cookies-informacion-que-los-sitios-web-guardan-en-\" target=\"_blank\" rel=\"noopener\">aqu\u00ed<\/a>.<br \/>\n\u2022 Para m\u00e1s informaci\u00f3n sobre el navegador Chrome pulse <a href=\"https:\/\/support.google.com\/chrome\/answer\/95647?hl=es\" target=\"_blank\" rel=\"noopener\">aqu\u00ed<\/a>.<br \/>\n\u2022 Para m\u00e1s informaci\u00f3n sobre el navegador Explorer pulse <a href=\"https:\/\/support.microsoft.com\/en-us\/windows\/manage-cookies-in-microsoft-edge-view-allow-block-delete-and-use-168dab11-0753-043d-7c16-ede5947fc64d\" target=\"_blank\" rel=\"noopener\">aqu\u00ed<\/a>.<br \/>\n\u2022 Para m\u00e1s informaci\u00f3n sobre el navegador Safari pulse\u00a0<a href=\"https:\/\/support.apple.com\/es-es\/105082\" target=\"_blank\" rel=\"noopener\">aqu\u00ed<\/a>.<br \/>\n\u2022 Para m\u00e1s informaci\u00f3n sobre el navegador Opera pulse <a href=\"https:\/\/help.opera.com\/en\/latest\/web-preferences\/#cookies\" target=\"_blank\" rel=\"noopener\">aqu\u00ed<\/a>.<\/p>\n<\/div>\n<\/div>\n<\/div>\n<\/div>\n<\/div>\n<\/div>\n\t<\/div>\n\n\t<\/div>\n\n<\/div>\n<\/div>\n<\/div>\n<\/div>\n<\/div>\n<\/div>\n<div id=\"fws_5639409850fb2\" class=\"wpb_row vc_row-fluid vc_row standard_section \" data-bg-mobile-hidden=\"\"><\/div>\n","protected":false},"excerpt":{"rendered":"","protected":false},"author":8,"featured_media":0,"parent":0,"menu_order":0,"comment_status":"closed","ping_status":"closed","template":"","meta":{"footnotes":""},"class_list":["post-2701","page","type-page","status-publish","hentry","no-page-header"],"_links":{"self":[{"href":"https:\/\/www.justroyalbcn.com\/en\/wp-json\/wp\/v2\/pages\/2701","targetHints":{"allow":["GET"]}}],"collection":[{"href":"https:\/\/www.justroyalbcn.com\/en\/wp-json\/wp\/v2\/pages"}],"about":[{"href":"https:\/\/www.justroyalbcn.com\/en\/wp-json\/wp\/v2\/types\/page"}],"author":[{"embeddable":true,"href":"https:\/\/www.justroyalbcn.com\/en\/wp-json\/wp\/v2\/users\/8"}],"replies":[{"embeddable":true,"href":"https:\/\/www.justroyalbcn.com\/en\/wp-json\/wp\/v2\/comments?post=2701"}],"version-history":[{"count":4,"href":"https:\/\/www.justroyalbcn.com\/en\/wp-json\/wp\/v2\/pages\/2701\/revisions"}],"predecessor-version":[{"id":18333,"href":"https:\/\/www.justroyalbcn.com\/en\/wp-json\/wp\/v2\/pages\/2701\/revisions\/18333"}],"wp:attachment":[{"href":"https:\/\/www.justroyalbcn.com\/en\/wp-json\/wp\/v2\/media?parent=2701"}],"curies":[{"name":"wp","href":"https:\/\/api.w.org\/{rel}","templated":true}]}}